{"id":103,"date":"2023-01-14T16:21:44","date_gmt":"2023-01-14T15:21:44","guid":{"rendered":"https:\/\/sciencewriter.fr\/?page_id=103"},"modified":"2023-02-07T18:55:11","modified_gmt":"2023-02-07T17:55:11","slug":"niveaux-daccompagnement","status":"publish","type":"page","link":"https:\/\/sciencewriter.fr\/index.php\/niveaux-daccompagnement\/","title":{"rendered":"Niveaux d&#8217;accompagnement"},"content":{"rendered":"<div id=\"pl-gb103-69cff8bc9608f\"  class=\"panel-layout\" ><div id=\"pg-gb103-69cff8bc9608f-0\"  class=\"panel-grid panel-no-style\" ><div id=\"pgc-gb103-69cff8bc9608f-0-0\"  class=\"panel-grid-cell\" ><div id=\"panel-gb103-69cff8bc9608f-0-0-0\" class=\"so-panel widget widget_sow-editor panel-first-child panel-last-child\" data-index=\"0\" ><div\n\t\t\t\n\t\t\tclass=\"so-widget-sow-editor so-widget-sow-editor-base\"\n\t\t\t\n\t\t>\n<div class=\"siteorigin-widget-tinymce textwidget\">\n\t<h1><span style=\"color: #e9662b;\">Un service sur mesure<\/span><\/h1>\n<p class=\"p1\">Je vous accompagne dans vos projets d&#8217;\u00e9criture. Mes tarifs sont adapt\u00e9s au niveau d&#8217;accompagnement, \u00e0 la nature de votre projet et \u00e0 son volume. Pour obtenir une estimation des co\u00fbts et des d\u00e9lais, je vous invite \u00e0 me contacter via <a href=\"https:\/\/sciencewriter.fr\/index.php\/contact\/\">le formulaire de contact<\/a>.<\/p>\n<\/div>\n<\/div><\/div><\/div><\/div><div id=\"pg-gb103-69cff8bc9608f-1\"  class=\"panel-grid panel-no-style\" ><div id=\"pgc-gb103-69cff8bc9608f-1-0\"  class=\"panel-grid-cell\" ><div id=\"panel-gb103-69cff8bc9608f-1-0-0\" class=\"so-panel widget widget_media_image panel-first-child panel-last-child\" data-index=\"1\" ><img loading=\"lazy\" decoding=\"async\" width=\"798\" height=\"559\" src=\"https:\/\/sciencewriter.fr\/wp-content\/uploads\/2023\/01\/english-word-by-wooden-cube-on-wooden-table-concept-picture-about-english-language-and-education-1024x717.jpg\" class=\"image wp-image-332  attachment-large size-large\" alt=\"\" style=\"max-width: 100%; height: auto;\" srcset=\"https:\/\/sciencewriter.fr\/wp-content\/uploads\/2023\/01\/english-word-by-wooden-cube-on-wooden-table-concept-picture-about-english-language-and-education-1024x717.jpg 1024w, https:\/\/sciencewriter.fr\/wp-content\/uploads\/2023\/01\/english-word-by-wooden-cube-on-wooden-table-concept-picture-about-english-language-and-education-300x210.jpg 300w, https:\/\/sciencewriter.fr\/wp-content\/uploads\/2023\/01\/english-word-by-wooden-cube-on-wooden-table-concept-picture-about-english-language-and-education-768x538.jpg 768w, https:\/\/sciencewriter.fr\/wp-content\/uploads\/2023\/01\/english-word-by-wooden-cube-on-wooden-table-concept-picture-about-english-language-and-education-1536x1076.jpg 1536w, https:\/\/sciencewriter.fr\/wp-content\/uploads\/2023\/01\/english-word-by-wooden-cube-on-wooden-table-concept-picture-about-english-language-and-education.jpg 2000w\" sizes=\"auto, (max-width: 798px) 100vw, 798px\" \/><\/div><\/div><div id=\"pgc-gb103-69cff8bc9608f-1-1\"  class=\"panel-grid-cell\" ><div id=\"panel-gb103-69cff8bc9608f-1-1-0\" class=\"so-panel widget widget_sow-editor panel-first-child panel-last-child\" data-index=\"2\" ><div\n\t\t\t\n\t\t\tclass=\"so-widget-sow-editor so-widget-sow-editor-base\"\n\t\t\t\n\t\t>\n<div class=\"siteorigin-widget-tinymce textwidget\">\n\t<h3><span style=\"color: #33608b;\"><b>Traduction fran\u00e7ais-anglais<\/b><\/span><\/h3>\n<p class=\"p1\">Obtenez une traduction fid\u00e8le et <span style=\"color: #33608b;\"><strong>conforme \u00e0 vos attentes<\/strong><\/span>, quelle que soit la nature de votre support (manuscrits, posters, pr\u00e9sentations de conf\u00e9rence&#8230;).<span class=\"Apple-converted-space\">\u00a0<\/span><\/p>\n<\/div>\n<\/div><\/div><\/div><\/div><div id=\"pg-gb103-69cff8bc9608f-2\"  class=\"panel-grid panel-no-style\" ><div id=\"pgc-gb103-69cff8bc9608f-2-0\"  class=\"panel-grid-cell\" ><div id=\"panel-gb103-69cff8bc9608f-2-0-0\" class=\"so-panel widget widget_media_image panel-first-child panel-last-child\" data-index=\"3\" ><img loading=\"lazy\" decoding=\"async\" width=\"798\" height=\"449\" src=\"https:\/\/sciencewriter.fr\/wp-content\/uploads\/2023\/01\/high-view-person-writing-on-notepad-1024x576.jpg\" class=\"image wp-image-336  attachment-large size-large\" alt=\"\" style=\"max-width: 100%; height: auto;\" srcset=\"https:\/\/sciencewriter.fr\/wp-content\/uploads\/2023\/01\/high-view-person-writing-on-notepad-1024x576.jpg 1024w, https:\/\/sciencewriter.fr\/wp-content\/uploads\/2023\/01\/high-view-person-writing-on-notepad-300x169.jpg 300w, https:\/\/sciencewriter.fr\/wp-content\/uploads\/2023\/01\/high-view-person-writing-on-notepad-768x432.jpg 768w, https:\/\/sciencewriter.fr\/wp-content\/uploads\/2023\/01\/high-view-person-writing-on-notepad-1536x864.jpg 1536w, https:\/\/sciencewriter.fr\/wp-content\/uploads\/2023\/01\/high-view-person-writing-on-notepad-2048x1152.jpg 2048w\" sizes=\"auto, (max-width: 798px) 100vw, 798px\" \/><\/div><\/div><div id=\"pgc-gb103-69cff8bc9608f-2-1\"  class=\"panel-grid-cell\" ><div id=\"panel-gb103-69cff8bc9608f-2-1-0\" class=\"so-panel widget widget_sow-editor panel-first-child panel-last-child\" data-index=\"4\" ><div\n\t\t\t\n\t\t\tclass=\"so-widget-sow-editor so-widget-sow-editor-base\"\n\t\t\t\n\t\t>\n<div class=\"siteorigin-widget-tinymce textwidget\">\n\t<h3 class=\"p1\"><span style=\"color: #33608b;\"><b>R\u00e9vision<\/b><\/span><\/h3>\n<p class=\"p1\">Demandez une <span style=\"color: #33608b;\"><strong>r\u00e9vision efficace et minutieuse<\/strong><\/span> de vos supports (projets de recherche, articles, \u00e9tudes de cas, communications, chapitres, revues de litt\u00e9rature, \u00e9changes avec les relecteurs, \u00e9changes avec les \u00e9diteurs, posters, pr\u00e9sentations de conf\u00e9rence).<\/p>\n<\/div>\n<\/div><\/div><\/div><\/div><div id=\"pg-gb103-69cff8bc9608f-3\"  class=\"panel-grid panel-no-style\" ><div id=\"pgc-gb103-69cff8bc9608f-3-0\"  class=\"panel-grid-cell\" ><div id=\"panel-gb103-69cff8bc9608f-3-0-0\" class=\"so-panel widget widget_media_image panel-first-child panel-last-child\" data-index=\"5\" ><img loading=\"lazy\" decoding=\"async\" width=\"798\" height=\"638\" src=\"https:\/\/sciencewriter.fr\/wp-content\/uploads\/2023\/01\/businessperson-s-hand-marking-on-check-box-with-red-marker-over-screen-1024x819.jpg\" class=\"image wp-image-338  attachment-large size-large\" alt=\"\" style=\"max-width: 100%; height: auto;\" srcset=\"https:\/\/sciencewriter.fr\/wp-content\/uploads\/2023\/01\/businessperson-s-hand-marking-on-check-box-with-red-marker-over-screen-1024x819.jpg 1024w, https:\/\/sciencewriter.fr\/wp-content\/uploads\/2023\/01\/businessperson-s-hand-marking-on-check-box-with-red-marker-over-screen-300x240.jpg 300w, https:\/\/sciencewriter.fr\/wp-content\/uploads\/2023\/01\/businessperson-s-hand-marking-on-check-box-with-red-marker-over-screen-768x614.jpg 768w, https:\/\/sciencewriter.fr\/wp-content\/uploads\/2023\/01\/businessperson-s-hand-marking-on-check-box-with-red-marker-over-screen-1536x1229.jpg 1536w, https:\/\/sciencewriter.fr\/wp-content\/uploads\/2023\/01\/businessperson-s-hand-marking-on-check-box-with-red-marker-over-screen.jpg 2000w\" sizes=\"auto, (max-width: 798px) 100vw, 798px\" \/><\/div><\/div><div id=\"pgc-gb103-69cff8bc9608f-3-1\"  class=\"panel-grid-cell\" ><div id=\"panel-gb103-69cff8bc9608f-3-1-0\" class=\"so-panel widget widget_sow-editor panel-first-child panel-last-child\" data-index=\"6\" ><div\n\t\t\t\n\t\t\tclass=\"so-widget-sow-editor so-widget-sow-editor-base\"\n\t\t\t\n\t\t>\n<div class=\"siteorigin-widget-tinymce textwidget\">\n\t<h3 class=\"p1\"><span style=\"color: #33608b;\"><b>Respect des notes aux auteurs<\/b><\/span><\/h3>\n<p class=\"p1\">Ce service vous garantit la <strong><span style=\"color: #33608b;\">conformit\u00e9 de vos manuscrits<\/span><\/strong> (articles, \u00e9tudes de cas, communications, chapitres, revues de litt\u00e9rature), au regard des notes aux auteurs.<\/p>\n<\/div>\n<\/div><\/div><\/div><\/div><div id=\"pg-gb103-69cff8bc9608f-4\"  class=\"panel-grid panel-no-style\" ><div id=\"pgc-gb103-69cff8bc9608f-4-0\"  class=\"panel-grid-cell\" ><div id=\"panel-gb103-69cff8bc9608f-4-0-0\" class=\"so-panel widget widget_media_image panel-first-child panel-last-child\" data-index=\"7\" ><img loading=\"lazy\" decoding=\"async\" width=\"798\" height=\"531\" src=\"https:\/\/sciencewriter.fr\/wp-content\/uploads\/2023\/01\/cropped-view-of-hands-typing-on-laptop-1024x682.jpg\" class=\"image wp-image-346  attachment-large size-large\" alt=\"\" style=\"max-width: 100%; height: auto;\" srcset=\"https:\/\/sciencewriter.fr\/wp-content\/uploads\/2023\/01\/cropped-view-of-hands-typing-on-laptop-1024x682.jpg 1024w, https:\/\/sciencewriter.fr\/wp-content\/uploads\/2023\/01\/cropped-view-of-hands-typing-on-laptop-300x200.jpg 300w, https:\/\/sciencewriter.fr\/wp-content\/uploads\/2023\/01\/cropped-view-of-hands-typing-on-laptop-768x512.jpg 768w, https:\/\/sciencewriter.fr\/wp-content\/uploads\/2023\/01\/cropped-view-of-hands-typing-on-laptop-1536x1024.jpg 1536w, https:\/\/sciencewriter.fr\/wp-content\/uploads\/2023\/01\/cropped-view-of-hands-typing-on-laptop-272x182.jpg 272w, https:\/\/sciencewriter.fr\/wp-content\/uploads\/2023\/01\/cropped-view-of-hands-typing-on-laptop.jpg 2000w\" sizes=\"auto, (max-width: 798px) 100vw, 798px\" \/><\/div><\/div><div id=\"pgc-gb103-69cff8bc9608f-4-1\"  class=\"panel-grid-cell\" ><div id=\"panel-gb103-69cff8bc9608f-4-1-0\" class=\"so-panel widget widget_sow-editor panel-first-child panel-last-child\" data-index=\"8\" ><div\n\t\t\t\n\t\t\tclass=\"so-widget-sow-editor so-widget-sow-editor-base\"\n\t\t\t\n\t\t>\n<div class=\"siteorigin-widget-tinymce textwidget\">\n\t<h3><span style=\"color: #33608b;\"><b>\u00c9criture<\/b><\/span><\/h3>\n<p class=\"p1\">Ce service s&#8217;applique \u00e0 la <span style=\"color: #33608b;\"><strong>r\u00e9daction de vos projets d&#8217;\u00e9criture, \u00e0 partir d&#8217;un plan d\u00e9taill\u00e9<\/strong> <\/span>(projets de recherche, articles, \u00e9tudes de cas, communications, chapitres, revues de litt\u00e9rature, \u00e9changes avec les relecteurs, \u00e9changes avec les \u00e9diteurs).<br \/>\nUne rencontre pr\u00e9alable, en ligne ou en pr\u00e9sentiel, vous permettra de pr\u00e9ciser vos attentes et vos besoins d&#8217;accompagnement.<\/p>\n<\/div>\n<\/div><\/div><\/div><\/div><div id=\"pg-gb103-69cff8bc9608f-5\"  class=\"panel-grid panel-no-style\" ><div id=\"pgc-gb103-69cff8bc9608f-5-0\"  class=\"panel-grid-cell\" ><div id=\"panel-gb103-69cff8bc9608f-5-0-0\" class=\"so-panel widget widget_media_image panel-first-child panel-last-child\" data-index=\"9\" ><img loading=\"lazy\" decoding=\"async\" width=\"798\" height=\"531\" src=\"https:\/\/sciencewriter.fr\/wp-content\/uploads\/2023\/01\/close-up-detail-of-team-working-o-new-project-in-coworking-space-writing-ideas-looking-through-graphics-on-tablet-and-laptop-teamwork-business-concept-1024x682.jpg\" class=\"image wp-image-340  attachment-large size-large\" alt=\"\" style=\"max-width: 100%; height: auto;\" srcset=\"https:\/\/sciencewriter.fr\/wp-content\/uploads\/2023\/01\/close-up-detail-of-team-working-o-new-project-in-coworking-space-writing-ideas-looking-through-graphics-on-tablet-and-laptop-teamwork-business-concept-1024x682.jpg 1024w, https:\/\/sciencewriter.fr\/wp-content\/uploads\/2023\/01\/close-up-detail-of-team-working-o-new-project-in-coworking-space-writing-ideas-looking-through-graphics-on-tablet-and-laptop-teamwork-business-concept-300x200.jpg 300w, https:\/\/sciencewriter.fr\/wp-content\/uploads\/2023\/01\/close-up-detail-of-team-working-o-new-project-in-coworking-space-writing-ideas-looking-through-graphics-on-tablet-and-laptop-teamwork-business-concept-768x512.jpg 768w, https:\/\/sciencewriter.fr\/wp-content\/uploads\/2023\/01\/close-up-detail-of-team-working-o-new-project-in-coworking-space-writing-ideas-looking-through-graphics-on-tablet-and-laptop-teamwork-business-concept-1536x1024.jpg 1536w, https:\/\/sciencewriter.fr\/wp-content\/uploads\/2023\/01\/close-up-detail-of-team-working-o-new-project-in-coworking-space-writing-ideas-looking-through-graphics-on-tablet-and-laptop-teamwork-business-concept-272x182.jpg 272w, https:\/\/sciencewriter.fr\/wp-content\/uploads\/2023\/01\/close-up-detail-of-team-working-o-new-project-in-coworking-space-writing-ideas-looking-through-graphics-on-tablet-and-laptop-teamwork-business-concept.jpg 2000w\" sizes=\"auto, (max-width: 798px) 100vw, 798px\" \/><\/div><\/div><div id=\"pgc-gb103-69cff8bc9608f-5-1\"  class=\"panel-grid-cell\" ><div id=\"panel-gb103-69cff8bc9608f-5-1-0\" class=\"so-panel widget widget_sow-editor panel-first-child panel-last-child\" data-index=\"10\" ><div\n\t\t\t\n\t\t\tclass=\"so-widget-sow-editor so-widget-sow-editor-base\"\n\t\t\t\n\t\t>\n<div class=\"siteorigin-widget-tinymce textwidget\">\n\t<h3 class=\"p1\"><span style=\"color: #33608b;\"><b>Conseil<\/b><\/span><\/h3>\n<p class=\"p1\">Optez pour une <span style=\"color: #33608b;\"><strong>prestation de conseil et d&#8217;encadrement, adapt\u00e9e \u00e0 vos besoins<\/strong> <\/span>de formation \u00e0 la communication scientifique. Un accompagnement, en ligne ou en pr\u00e9sentiel, individuel ou collectif, g\u00e9n\u00e9rique ou d\u00e9di\u00e9 \u00e0 des projets d&#8217;\u00e9criture sp\u00e9cifiques, pour am\u00e9liorer vos m\u00e9thodes de r\u00e9daction et de pr\u00e9sentation.<\/p>\n<\/div>\n<\/div><\/div><\/div><\/div><div id=\"pg-gb103-69cff8bc9608f-6\"  class=\"panel-grid panel-no-style\" ><div id=\"pgc-gb103-69cff8bc9608f-6-0\"  class=\"panel-grid-cell\" ><div id=\"panel-gb103-69cff8bc9608f-6-0-0\" class=\"so-panel widget widget_media_image panel-first-child panel-last-child\" data-index=\"11\" ><img loading=\"lazy\" decoding=\"async\" width=\"798\" height=\"531\" src=\"https:\/\/sciencewriter.fr\/wp-content\/uploads\/2023\/01\/business-and-entrepreneurship-symposium-speaker-giving-talk-at-business-meeting-audience-in-the-conference-hall-rear-view-of-unrecognized-participant-in-audience-1-1024x682.jpg\" class=\"image wp-image-329  attachment-large size-large\" alt=\"\" style=\"max-width: 100%; height: auto;\" srcset=\"https:\/\/sciencewriter.fr\/wp-content\/uploads\/2023\/01\/business-and-entrepreneurship-symposium-speaker-giving-talk-at-business-meeting-audience-in-the-conference-hall-rear-view-of-unrecognized-participant-in-audience-1-1024x682.jpg 1024w, https:\/\/sciencewriter.fr\/wp-content\/uploads\/2023\/01\/business-and-entrepreneurship-symposium-speaker-giving-talk-at-business-meeting-audience-in-the-conference-hall-rear-view-of-unrecognized-participant-in-audience-1-300x200.jpg 300w, https:\/\/sciencewriter.fr\/wp-content\/uploads\/2023\/01\/business-and-entrepreneurship-symposium-speaker-giving-talk-at-business-meeting-audience-in-the-conference-hall-rear-view-of-unrecognized-participant-in-audience-1-768x512.jpg 768w, https:\/\/sciencewriter.fr\/wp-content\/uploads\/2023\/01\/business-and-entrepreneurship-symposium-speaker-giving-talk-at-business-meeting-audience-in-the-conference-hall-rear-view-of-unrecognized-participant-in-audience-1-1536x1024.jpg 1536w, https:\/\/sciencewriter.fr\/wp-content\/uploads\/2023\/01\/business-and-entrepreneurship-symposium-speaker-giving-talk-at-business-meeting-audience-in-the-conference-hall-rear-view-of-unrecognized-participant-in-audience-1-272x182.jpg 272w, https:\/\/sciencewriter.fr\/wp-content\/uploads\/2023\/01\/business-and-entrepreneurship-symposium-speaker-giving-talk-at-business-meeting-audience-in-the-conference-hall-rear-view-of-unrecognized-participant-in-audience-1.jpg 2000w\" sizes=\"auto, (max-width: 798px) 100vw, 798px\" \/><\/div><\/div><div id=\"pgc-gb103-69cff8bc9608f-6-1\"  class=\"panel-grid-cell\" ><div id=\"panel-gb103-69cff8bc9608f-6-1-0\" class=\"so-panel widget widget_sow-editor panel-first-child panel-last-child\" data-index=\"12\" ><div\n\t\t\t\n\t\t\tclass=\"so-widget-sow-editor so-widget-sow-editor-base\"\n\t\t\t\n\t\t>\n<div class=\"siteorigin-widget-tinymce textwidget\">\n\t<h3 class=\"p1\"><span style=\"color: #33608b;\"><b>Communications orales et posters<\/b><\/span><\/h3>\n<p class=\"p1\">Pour vos <span style=\"color: #33608b;\"><strong>conf\u00e9rences internationales<\/strong><\/span>, ce service propose la cr\u00e9ation de posters et de supports de pr\u00e9sentations orales, \u00e0 partir d&#8217;un plan d\u00e9taill\u00e9.<\/p>\n<\/div>\n<\/div><\/div><\/div><\/div><\/div>","protected":false},"excerpt":{"rendered":"<p>Un service sur mesure Je vous accompagne dans vos projets d&#8217;\u00e9criture. Mes tarifs sont adapt\u00e9s au niveau d&#8217;accompagnement, \u00e0 la nature de votre projet et \u00e0 son volume. Pour obtenir une estimation des co\u00fbts et des d\u00e9lais, je vous invite \u00e0 me contacter via le formulaire de contact. Traduction fran\u00e7ais-anglais Obtenez une traduction fid\u00e8le et conforme \u00e0 vos attentes, quelle que soit la nature de votre support (manuscrits, posters, pr\u00e9sentations de conf\u00e9rence&#8230;).\u00a0<\/p>\n","protected":false},"author":1,"featured_media":0,"parent":0,"menu_order":0,"comment_status":"closed","ping_status":"closed","template":"","meta":{"footnotes":""},"class_list":["post-103","page","type-page","status-publish","hentry"],"blocksy_meta":{"styles_descriptor":{"styles":{"desktop":"","tablet":"","mobile":""},"google_fonts":[],"version":5}},"_links":{"self":[{"href":"https:\/\/sciencewriter.fr\/index.php\/wp-json\/wp\/v2\/pages\/103","targetHints":{"allow":["GET"]}}],"collection":[{"href":"https:\/\/sciencewriter.fr\/index.php\/wp-json\/wp\/v2\/pages"}],"about":[{"href":"https:\/\/sciencewriter.fr\/index.php\/wp-json\/wp\/v2\/types\/page"}],"author":[{"embeddable":true,"href":"https:\/\/sciencewriter.fr\/index.php\/wp-json\/wp\/v2\/users\/1"}],"replies":[{"embeddable":true,"href":"https:\/\/sciencewriter.fr\/index.php\/wp-json\/wp\/v2\/comments?post=103"}],"version-history":[{"count":45,"href":"https:\/\/sciencewriter.fr\/index.php\/wp-json\/wp\/v2\/pages\/103\/revisions"}],"predecessor-version":[{"id":561,"href":"https:\/\/sciencewriter.fr\/index.php\/wp-json\/wp\/v2\/pages\/103\/revisions\/561"}],"wp:attachment":[{"href":"https:\/\/sciencewriter.fr\/index.php\/wp-json\/wp\/v2\/media?parent=103"}],"curies":[{"name":"wp","href":"https:\/\/api.w.org\/{rel}","templated":true}]}}